{"id":5672,"date":"2025-06-07T17:29:52","date_gmt":"2025-06-07T22:29:52","guid":{"rendered":"https:\/\/rayo-papeleria.com\/?post_type=product&#038;p=5672"},"modified":"2025-09-01T11:47:46","modified_gmt":"2025-09-01T16:47:46","slug":"universitario-primavera-pasta-dura-200h-cuadros","status":"publish","type":"product","link":"https:\/\/rayo-papeleria.com\/?product=universitario-primavera-pasta-dura-200h-cuadros","title":{"rendered":"Universitario Primavera Pasta Dura 200H Cuadros"},"content":{"rendered":"<p>\u26a1<strong>DISE\u00d1ADO PARA TI<\/strong>\u2728<\/p>\n<p>\ud83e\uddfe <strong>Formato:<\/strong> Tama\u00f1o universitario (21.5 x 27.5 cm)<br \/>\n\ud83d\udcc4 <strong>Hojas:<\/strong> 200 hojas \/ 400 p\u00e1ginas<br \/>\n\ud83d\udccf <strong>Rayado:<\/strong> Raya universitaria con margen<br \/>\n\ud83e\uddf1 <strong>Pasta:<\/strong> Dura y plastificada para mayor protecci\u00f3n<br \/>\n\ud83d\udd17 <strong>Encuadernaci\u00f3n:<\/strong> Espiral met\u00e1lico y doble anillo, resistente<br \/>\n\ud83d\udcd8 <strong>Dise\u00f1o:<\/strong> Portadas modernas y juveniles<br \/>\n\ud83d\udcd1 <strong>Papel:<\/strong> Bond blanco de alta calidad (56 \u2013 75 g\/m\u00b2)<br \/>\n\ud83e\udde0 <strong>Uso ideal:<\/strong> Perfecto para todo el ciclo escolar, proyectos, apuntes y m\u00e1s.<\/p>\n","protected":false},"excerpt":{"rendered":"<p>\ud83d\udcdd <strong>Cuaderno Universitario Pasta Dura 200H Cuadros<\/strong><br \/>\n\u00a1M\u00e1s hojas, m\u00e1s organizaci\u00f3n, m\u00e1s estilo! Con 200 hojas rayadas, pasta dura resistente y dise\u00f1o moderno, es el compa\u00f1ero ideal para todo el ciclo escolar.<\/p>\n","protected":false},"featured_media":5673,"comment_status":"open","ping_status":"closed","template":"","meta":{"_uag_custom_page_level_css":"","site-sidebar-layout":"default","site-content-layout":"","ast-site-content-layout":"default","site-content-style":"default","site-sidebar-style":"default","ast-global-header-display":"","ast-banner-title-visibility":"","ast-main-header-display":"","ast-hfb-above-header-display":"","ast-hfb-below-header-display":"","ast-hfb-mobile-header-display":"","site-post-title":"","ast-breadcrumbs-content":"","ast-featured-img":"","footer-sml-layout":"","theme-transparent-header-meta":"default","adv-header-id-meta":"","stick-header-meta":"","header-above-stick-meta":"","header-main-stick-meta":"","header-below-stick-meta":"","astra-migrate-meta-layouts":"set","ast-page-background-enabled":"default","ast-page-background-meta":{"desktop":{"background-color":"","background-image":"","background-repeat":"repeat","background-position":"center center","background-size":"auto","background-attachment":"scroll","background-type":"","background-media":"","overlay-type":"","overlay-color":"","overlay-opacity":"","overlay-gradient":""},"tablet":{"background-color":"","background-image":"","background-repeat":"repeat","background-position":"center center","background-size":"auto","background-attachment":"scroll","background-type":"","background-media":"","overlay-type":"","overlay-color":"","overlay-opacity":"","overlay-gradient":""},"mobile":{"background-color":"","background-image":"","background-repeat":"repeat","background-position":"center center","background-size":"auto","background-attachment":"scroll","background-type":"","background-media":"","overlay-type":"","overlay-color":"","overlay-opacity":"","overlay-gradient":""}},"ast-content-background-meta":{"desktop":{"background-color":"var(--ast-global-color-5)","background-image":"","background-repeat":"repeat","background-position":"center center","background-size":"auto","background-attachment":"scroll","background-type":"","background-media":"","overlay-type":"","overlay-color":"","overlay-opacity":"","overlay-gradient":""},"tablet":{"background-color":"var(--ast-global-color-5)","background-image":"","background-repeat":"repeat","background-position":"center center","background-size":"auto","background-attachment":"scroll","background-type":"","background-media":"","overlay-type":"","overlay-color":"","overlay-opacity":"","overlay-gradient":""},"mobile":{"background-color":"var(--ast-global-color-5)","background-image":"","background-repeat":"repeat","background-position":"center center","background-size":"auto","background-attachment":"scroll","background-type":"","background-media":"","overlay-type":"","overlay-color":"","overlay-opacity":"","overlay-gradient":""}}},"product_brand":[31],"product_cat":[23],"product_tag":[74,78,75,71,73,66,76,77,68,48,63,64,70,39],"class_list":{"0":"post-5672","1":"product","2":"type-product","3":"status-publish","4":"has-post-thumbnail","6":"product_brand-primavera","7":"product_cat-cuadernos","8":"product_tag-200hojas","9":"product_tag-cuadernodecalidad","10":"product_tag-cuadernogrande","11":"product_tag-cuadernoresistente","12":"product_tag-escribesinlimites","13":"product_tag-espiralmetalico","14":"product_tag-estudianteaplicado","15":"product_tag-notasextensas","16":"product_tag-papeleriacreativa","17":"product_tag-papeleriarayo","18":"product_tag-pastadura","19":"product_tag-rayauniversitaria","20":"product_tag-tamanouniversitario","21":"product_tag-cuadernouniversitario","22":"desktop-align-center","23":"tablet-align-center","24":"mobile-align-center","26":"first","27":"instock","28":"shipping-taxable","29":"purchasable","30":"product-type-simple"},"aioseo_notices":[],"uagb_featured_image_src":{"full":["https:\/\/rayo-papeleria.com\/wp-content\/uploads\/2025\/06\/RAYO-Primavera-200H.jpg",1200,1200,false],"thumbnail":["https:\/\/rayo-papeleria.com\/wp-content\/uploads\/2025\/06\/RAYO-Primavera-200H-150x150.jpg",150,150,true],"medium":["https:\/\/rayo-papeleria.com\/wp-content\/uploads\/2025\/06\/RAYO-Primavera-200H-300x300.jpg",300,300,true],"medium_large":["https:\/\/rayo-papeleria.com\/wp-content\/uploads\/2025\/06\/RAYO-Primavera-200H-768x768.jpg",768,768,true],"large":["https:\/\/rayo-papeleria.com\/wp-content\/uploads\/2025\/06\/RAYO-Primavera-200H-1024x1024.jpg",1024,1024,true],"1536x1536":["https:\/\/rayo-papeleria.com\/wp-content\/uploads\/2025\/06\/RAYO-Primavera-200H.jpg",1200,1200,false],"2048x2048":["https:\/\/rayo-papeleria.com\/wp-content\/uploads\/2025\/06\/RAYO-Primavera-200H.jpg",1200,1200,false],"woocommerce_thumbnail":["https:\/\/rayo-papeleria.com\/wp-content\/uploads\/2025\/06\/RAYO-Primavera-200H-300x300.jpg",300,300,true],"woocommerce_single":["https:\/\/rayo-papeleria.com\/wp-content\/uploads\/2025\/06\/RAYO-Primavera-200H-600x600.jpg",600,600,true],"woocommerce_gallery_thumbnail":["https:\/\/rayo-papeleria.com\/wp-content\/uploads\/2025\/06\/RAYO-Primavera-200H-100x100.jpg",100,100,true]},"uagb_author_info":{"display_name":"rayopr23@gmail.com","author_link":"https:\/\/rayo-papeleria.com\/?author=0"},"uagb_comment_info":6,"uagb_excerpt":"\ud83d\udcdd Cuaderno Universitario Pasta Dura 200H Cuadros \u00a1M\u00e1s hojas, m\u00e1s organizaci\u00f3n, m\u00e1s estilo! Con 200 hojas rayadas, pasta dura resistente y dise\u00f1o moderno, es el compa\u00f1ero ideal para todo el ciclo escolar.","_links":{"self":[{"href":"https:\/\/rayo-papeleria.com\/index.php?rest_route=\/wp\/v2\/product\/5672","targetHints":{"allow":["GET"]}}],"collection":[{"href":"https:\/\/rayo-papeleria.com\/index.php?rest_route=\/wp\/v2\/product"}],"about":[{"href":"https:\/\/rayo-papeleria.com\/index.php?rest_route=\/wp\/v2\/types\/product"}],"replies":[{"embeddable":true,"href":"https:\/\/rayo-papeleria.com\/index.php?rest_route=%2Fwp%2Fv2%2Fcomments&post=5672"}],"wp:featuredmedia":[{"embeddable":true,"href":"https:\/\/rayo-papeleria.com\/index.php?rest_route=\/wp\/v2\/media\/5673"}],"wp:attachment":[{"href":"https:\/\/rayo-papeleria.com\/index.php?rest_route=%2Fwp%2Fv2%2Fmedia&parent=5672"}],"wp:term":[{"taxonomy":"product_brand","embeddable":true,"href":"https:\/\/rayo-papeleria.com\/index.php?rest_route=%2Fwp%2Fv2%2Fproduct_brand&post=5672"},{"taxonomy":"product_cat","embeddable":true,"href":"https:\/\/rayo-papeleria.com\/index.php?rest_route=%2Fwp%2Fv2%2Fproduct_cat&post=5672"},{"taxonomy":"product_tag","embeddable":true,"href":"https:\/\/rayo-papeleria.com\/index.php?rest_route=%2Fwp%2Fv2%2Fproduct_tag&post=5672"}],"curies":[{"name":"wp","href":"https:\/\/api.w.org\/{rel}","templated":true}]}}