{"id":5680,"date":"2025-06-10T20:37:29","date_gmt":"2025-06-11T01:37:29","guid":{"rendered":"https:\/\/rayo-papeleria.com\/?post_type=product&#038;p=5680"},"modified":"2025-07-08T14:05:16","modified_gmt":"2025-07-08T19:05:16","slug":"archivador-ideal-oficio-l7","status":"publish","type":"product","link":"https:\/\/rayo-papeleria.com\/?product=archivador-ideal-oficio-l7","title":{"rendered":"Archivador Ideal Oficio L7"},"content":{"rendered":"<p>\u26a1<strong>DISE\u00d1ADO PARA TI<\/strong> \u2728<\/p>\n<p>\ud83d\udcc1 <strong>Capacidad adecuada:<\/strong> Guarda muchos documentos.<br \/>\n\ud83d\uddc2\ufe0f <strong>Organizaci\u00f3n interna:<\/strong> Permite clasificar f\u00e1cilmente.<br \/>\n\ud83e\uddf3 <strong>Material:<\/strong> Resistente, durable y de calidad.<br \/>\n\ud83d\udca6 <strong>Protecci\u00f3n adicional:<\/strong> Resiste polvo y humedad.<br \/>\n\ud83d\udd12 <strong>Cierre seguro:<\/strong> Evita aperturas accidentales.<br \/>\n\ud83c\udfa8 <strong>Dise\u00f1o atractivo:<\/strong> Profesional o decorativo.<br \/>\n\ud83c\udf31 <strong>Material ecol\u00f3gico:<\/strong> Hecho con material reciclado.<\/p>\n<div style=\"max-width:500px; padding:20px; border:1px solid #ddd; border-radius:10px; font-family:sans-serif; background:#fefefe;\">\n<ul style=\"list-style:none; padding:0;margin:0\">\n<li><strong>\ud83d\udccf Alto:<\/strong> 33.7 cm<\/li>\n<li><strong>\ud83d\udcd0 Ancho:<\/strong> 27.5 cm<\/li>\n<li><strong>\ud83e\uddf1 Lomo:<\/strong> 7 cm<\/li>\n<\/ul>\n<\/div>\n","protected":false},"excerpt":{"rendered":"<p>\ud83d\udcc1 <strong>Archivador Ideal \u2013 Orden y protecci\u00f3n en un solo lugar<\/strong><br \/>\nDise\u00f1ado para ofrecer m\u00e1xima capacidad, resistencia y organizaci\u00f3n. Perfecto para oficina, escuela o uso personal. Con materiales duraderos, cierre seguro y etiquetas visibles, mantener tus documentos en orden nunca fue tan f\u00e1cil.<\/p>\n","protected":false},"featured_media":5684,"comment_status":"open","ping_status":"closed","template":"","meta":{"_uag_custom_page_level_css":"","site-sidebar-layout":"default","site-content-layout":"","ast-site-content-layout":"default","site-content-style":"default","site-sidebar-style":"default","ast-global-header-display":"","ast-banner-title-visibility":"","ast-main-header-display":"","ast-hfb-above-header-display":"","ast-hfb-below-header-display":"","ast-hfb-mobile-header-display":"","site-post-title":"","ast-breadcrumbs-content":"","ast-featured-img":"","footer-sml-layout":"","theme-transparent-header-meta":"default","adv-header-id-meta":"","stick-header-meta":"","header-above-stick-meta":"","header-main-stick-meta":"","header-below-stick-meta":"","astra-migrate-meta-layouts":"set","ast-page-background-enabled":"default","ast-page-background-meta":{"desktop":{"background-color":"","background-image":"","background-repeat":"repeat","background-position":"center center","background-size":"auto","background-attachment":"scroll","background-type":"","background-media":"","overlay-type":"","overlay-color":"","overlay-opacity":"","overlay-gradient":""},"tablet":{"background-color":"","background-image":"","background-repeat":"repeat","background-position":"center center","background-size":"auto","background-attachment":"scroll","background-type":"","background-media":"","overlay-type":"","overlay-color":"","overlay-opacity":"","overlay-gradient":""},"mobile":{"background-color":"","background-image":"","background-repeat":"repeat","background-position":"center center","background-size":"auto","background-attachment":"scroll","background-type":"","background-media":"","overlay-type":"","overlay-color":"","overlay-opacity":"","overlay-gradient":""}},"ast-content-background-meta":{"desktop":{"background-color":"var(--ast-global-color-5)","background-image":"","background-repeat":"repeat","background-position":"center center","background-size":"auto","background-attachment":"scroll","background-type":"","background-media":"","overlay-type":"","overlay-color":"","overlay-opacity":"","overlay-gradient":""},"tablet":{"background-color":"var(--ast-global-color-5)","background-image":"","background-repeat":"repeat","background-position":"center center","background-size":"auto","background-attachment":"scroll","background-type":"","background-media":"","overlay-type":"","overlay-color":"","overlay-opacity":"","overlay-gradient":""},"mobile":{"background-color":"var(--ast-global-color-5)","background-image":"","background-repeat":"repeat","background-position":"center center","background-size":"auto","background-attachment":"scroll","background-type":"","background-media":"","overlay-type":"","overlay-color":"","overlay-opacity":"","overlay-gradient":""}}},"product_brand":[94],"product_cat":[95],"product_tag":[103,101,96,99,49,98,104,102,97,84,56,100],"class_list":{"0":"post-5680","1":"product","2":"type-product","3":"status-publish","4":"has-post-thumbnail","6":"product_brand-ideal","7":"product_cat-archivador","8":"product_tag-accesoriosdeoficina","9":"product_tag-archivadores","10":"product_tag-archivadorideal","11":"product_tag-documentosseguros","12":"product_tag-materialescolar","13":"product_tag-oficinaordenada","14":"product_tag-oficinaproductiva","15":"product_tag-ordenylimpieza","16":"product_tag-organizacion","17":"product_tag-papeleria","18":"product_tag-rayo","19":"product_tag-suministrosdeoficina","20":"desktop-align-center","21":"tablet-align-center","22":"mobile-align-center","24":"first","25":"instock","26":"shipping-taxable","27":"purchasable","28":"product-type-simple"},"aioseo_notices":[],"uagb_featured_image_src":{"full":["https:\/\/rayo-papeleria.com\/wp-content\/uploads\/2025\/06\/RAYO-Archivador-L8-Ideal.jpg",1200,1200,false],"thumbnail":["https:\/\/rayo-papeleria.com\/wp-content\/uploads\/2025\/06\/RAYO-Archivador-L8-Ideal-150x150.jpg",150,150,true],"medium":["https:\/\/rayo-papeleria.com\/wp-content\/uploads\/2025\/06\/RAYO-Archivador-L8-Ideal-300x300.jpg",300,300,true],"medium_large":["https:\/\/rayo-papeleria.com\/wp-content\/uploads\/2025\/06\/RAYO-Archivador-L8-Ideal-768x768.jpg",768,768,true],"large":["https:\/\/rayo-papeleria.com\/wp-content\/uploads\/2025\/06\/RAYO-Archivador-L8-Ideal-1024x1024.jpg",1024,1024,true],"1536x1536":["https:\/\/rayo-papeleria.com\/wp-content\/uploads\/2025\/06\/RAYO-Archivador-L8-Ideal.jpg",1200,1200,false],"2048x2048":["https:\/\/rayo-papeleria.com\/wp-content\/uploads\/2025\/06\/RAYO-Archivador-L8-Ideal.jpg",1200,1200,false],"woocommerce_thumbnail":["https:\/\/rayo-papeleria.com\/wp-content\/uploads\/2025\/06\/RAYO-Archivador-L8-Ideal-300x300.jpg",300,300,true],"woocommerce_single":["https:\/\/rayo-papeleria.com\/wp-content\/uploads\/2025\/06\/RAYO-Archivador-L8-Ideal-600x600.jpg",600,600,true],"woocommerce_gallery_thumbnail":["https:\/\/rayo-papeleria.com\/wp-content\/uploads\/2025\/06\/RAYO-Archivador-L8-Ideal-100x100.jpg",100,100,true]},"uagb_author_info":{"display_name":"rayopr23@gmail.com","author_link":"https:\/\/rayo-papeleria.com\/?author=0"},"uagb_comment_info":2,"uagb_excerpt":"\ud83d\udcc1 Archivador Ideal \u2013 Orden y protecci\u00f3n en un solo lugar Dise\u00f1ado para ofrecer m\u00e1xima capacidad, resistencia y organizaci\u00f3n. Perfecto para oficina, escuela o uso personal. Con materiales duraderos, cierre seguro y etiquetas visibles, mantener tus documentos en orden nunca fue tan f\u00e1cil.","_links":{"self":[{"href":"https:\/\/rayo-papeleria.com\/index.php?rest_route=\/wp\/v2\/product\/5680","targetHints":{"allow":["GET"]}}],"collection":[{"href":"https:\/\/rayo-papeleria.com\/index.php?rest_route=\/wp\/v2\/product"}],"about":[{"href":"https:\/\/rayo-papeleria.com\/index.php?rest_route=\/wp\/v2\/types\/product"}],"replies":[{"embeddable":true,"href":"https:\/\/rayo-papeleria.com\/index.php?rest_route=%2Fwp%2Fv2%2Fcomments&post=5680"}],"wp:featuredmedia":[{"embeddable":true,"href":"https:\/\/rayo-papeleria.com\/index.php?rest_route=\/wp\/v2\/media\/5684"}],"wp:attachment":[{"href":"https:\/\/rayo-papeleria.com\/index.php?rest_route=%2Fwp%2Fv2%2Fmedia&parent=5680"}],"wp:term":[{"taxonomy":"product_brand","embeddable":true,"href":"https:\/\/rayo-papeleria.com\/index.php?rest_route=%2Fwp%2Fv2%2Fproduct_brand&post=5680"},{"taxonomy":"product_cat","embeddable":true,"href":"https:\/\/rayo-papeleria.com\/index.php?rest_route=%2Fwp%2Fv2%2Fproduct_cat&post=5680"},{"taxonomy":"product_tag","embeddable":true,"href":"https:\/\/rayo-papeleria.com\/index.php?rest_route=%2Fwp%2Fv2%2Fproduct_tag&post=5680"}],"curies":[{"name":"wp","href":"https:\/\/api.w.org\/{rel}","templated":true}]}}