{"id":5691,"date":"2025-06-13T16:06:46","date_gmt":"2025-06-13T21:06:46","guid":{"rendered":"https:\/\/rayo-papeleria.com\/?post_type=product&#038;p=5691"},"modified":"2025-07-01T13:13:54","modified_gmt":"2025-07-01T18:13:54","slug":"calculadora-casio-cientifica-fx-82la-plus-2nd-edicion","status":"publish","type":"product","link":"https:\/\/rayo-papeleria.com\/?product=calculadora-casio-cientifica-fx-82la-plus-2nd-edicion","title":{"rendered":"Calculadora Casio Cientifica fx-82LA PLUS 2nd Edici\u00f3n"},"content":{"rendered":"<p>\u26a1<strong>DISE\u00d1ADO PARA TI<\/strong> \u2728<\/p>\n<p>\ud83e\uddee <strong>Funci\u00f3n cient\u00edfica:<\/strong> 252 funciones matem\u00e1ticas.<br \/>\n\ud83d\udcd0 <strong>C\u00e1lculos avanzados:<\/strong> Trigonometr\u00eda, potencias, ra\u00edces, logaritmos y m\u00e1s.<br \/>\n\ud83d\udcca <strong>Estad\u00edstica b\u00e1sica:<\/strong> Media, desviaci\u00f3n est\u00e1ndar, y regresi\u00f3n lineal.<br \/>\n\ud83d\udda5\ufe0f <strong>Pantalla de 2 l\u00edneas:<\/strong> Visualiza operaciones y resultados al mismo tiempo.<br \/>\n\ud83d\udd0b <strong>Bater\u00eda de larga duraci\u00f3n:<\/strong> Funciona con pila AAA incluida.<br \/>\n\ud83d\udca1 <strong>Teclas ergon\u00f3micas:<\/strong> Distribuci\u00f3n c\u00f3moda y f\u00e1cil de usar.<br \/>\n\ud83d\udd12 <strong>Tapa dura deslizable:<\/strong> Protecci\u00f3n contra golpes y rayones.<br \/>\n\ud83c\udf93 <strong>Ideal para estudiantes:<\/strong> Apta para secundaria y nivel universitario b\u00e1sico.<\/p>\n","protected":false},"excerpt":{"rendered":"<p>\ud83e\uddee <strong>Calculadora Casio fx-82LA PLUS<\/strong><br \/>\n\u00a1Tu aliada ideal para la escuela! Con 252 funciones, pantalla de 2 l\u00edneas y c\u00e1lculos cient\u00edficos, estad\u00edsticos y trigonom\u00e9tricos. Precisi\u00f3n y calidad Casio.<\/p>\n","protected":false},"featured_media":5692,"comment_status":"closed","ping_status":"closed","template":"","meta":{"_uag_custom_page_level_css":"","site-sidebar-layout":"default","site-content-layout":"","ast-site-content-layout":"default","site-content-style":"default","site-sidebar-style":"default","ast-global-header-display":"","ast-banner-title-visibility":"","ast-main-header-display":"","ast-hfb-above-header-display":"","ast-hfb-below-header-display":"","ast-hfb-mobile-header-display":"","site-post-title":"","ast-breadcrumbs-content":"","ast-featured-img":"","footer-sml-layout":"","theme-transparent-header-meta":"default","adv-header-id-meta":"","stick-header-meta":"","header-above-stick-meta":"","header-main-stick-meta":"","header-below-stick-meta":"","astra-migrate-meta-layouts":"set","ast-page-background-enabled":"default","ast-page-background-meta":{"desktop":{"background-color":"","background-image":"","background-repeat":"repeat","background-position":"center center","background-size":"auto","background-attachment":"scroll","background-type":"","background-media":"","overlay-type":"","overlay-color":"","overlay-opacity":"","overlay-gradient":""},"tablet":{"background-color":"","background-image":"","background-repeat":"repeat","background-position":"center center","background-size":"auto","background-attachment":"scroll","background-type":"","background-media":"","overlay-type":"","overlay-color":"","overlay-opacity":"","overlay-gradient":""},"mobile":{"background-color":"","background-image":"","background-repeat":"repeat","background-position":"center center","background-size":"auto","background-attachment":"scroll","background-type":"","background-media":"","overlay-type":"","overlay-color":"","overlay-opacity":"","overlay-gradient":""}},"ast-content-background-meta":{"desktop":{"background-color":"var(--ast-global-color-5)","background-image":"","background-repeat":"repeat","background-position":"center center","background-size":"auto","background-attachment":"scroll","background-type":"","background-media":"","overlay-type":"","overlay-color":"","overlay-opacity":"","overlay-gradient":""},"tablet":{"background-color":"var(--ast-global-color-5)","background-image":"","background-repeat":"repeat","background-position":"center center","background-size":"auto","background-attachment":"scroll","background-type":"","background-media":"","overlay-type":"","overlay-color":"","overlay-opacity":"","overlay-gradient":""},"mobile":{"background-color":"var(--ast-global-color-5)","background-image":"","background-repeat":"repeat","background-position":"center center","background-size":"auto","background-attachment":"scroll","background-type":"","background-media":"","overlay-type":"","overlay-color":"","overlay-opacity":"","overlay-gradient":""}}},"product_brand":[128],"product_cat":[127],"product_tag":[138,131,134,129,130,137,136,133,132,56,135],"class_list":{"0":"post-5691","1":"product","2":"type-product","3":"status-publish","4":"has-post-thumbnail","6":"product_brand-casio","7":"product_cat-calculadora","8":"product_tag-138","9":"product_tag-calculadoracientifica","10":"product_tag-calculoexacto","11":"product_tag-casio","12":"product_tag-casiofx82laplus","13":"product_tag-casiooriginal","14":"product_tag-educacion","15":"product_tag-estudiantes","16":"product_tag-matematicas","17":"product_tag-rayo","18":"product_tag-trigonometria","19":"desktop-align-center","20":"tablet-align-center","21":"mobile-align-center","23":"first","24":"instock","25":"sale","26":"shipping-taxable","27":"purchasable","28":"product-type-simple"},"aioseo_notices":[],"uagb_featured_image_src":{"full":["https:\/\/rayo-papeleria.com\/wp-content\/uploads\/2025\/06\/RAYO-Casio-Cientifica.jpg",1200,1200,false],"thumbnail":["https:\/\/rayo-papeleria.com\/wp-content\/uploads\/2025\/06\/RAYO-Casio-Cientifica-150x150.jpg",150,150,true],"medium":["https:\/\/rayo-papeleria.com\/wp-content\/uploads\/2025\/06\/RAYO-Casio-Cientifica-300x300.jpg",300,300,true],"medium_large":["https:\/\/rayo-papeleria.com\/wp-content\/uploads\/2025\/06\/RAYO-Casio-Cientifica-768x768.jpg",768,768,true],"large":["https:\/\/rayo-papeleria.com\/wp-content\/uploads\/2025\/06\/RAYO-Casio-Cientifica-1024x1024.jpg",1024,1024,true],"1536x1536":["https:\/\/rayo-papeleria.com\/wp-content\/uploads\/2025\/06\/RAYO-Casio-Cientifica.jpg",1200,1200,false],"2048x2048":["https:\/\/rayo-papeleria.com\/wp-content\/uploads\/2025\/06\/RAYO-Casio-Cientifica.jpg",1200,1200,false],"woocommerce_thumbnail":["https:\/\/rayo-papeleria.com\/wp-content\/uploads\/2025\/06\/RAYO-Casio-Cientifica-300x300.jpg",300,300,true],"woocommerce_single":["https:\/\/rayo-papeleria.com\/wp-content\/uploads\/2025\/06\/RAYO-Casio-Cientifica-600x600.jpg",600,600,true],"woocommerce_gallery_thumbnail":["https:\/\/rayo-papeleria.com\/wp-content\/uploads\/2025\/06\/RAYO-Casio-Cientifica-100x100.jpg",100,100,true]},"uagb_author_info":{"display_name":"rayopr23@gmail.com","author_link":"https:\/\/rayo-papeleria.com\/?author=0"},"uagb_comment_info":0,"uagb_excerpt":"\ud83e\uddee Calculadora Casio fx-82LA PLUS \u00a1Tu aliada ideal para la escuela! Con 252 funciones, pantalla de 2 l\u00edneas y c\u00e1lculos cient\u00edficos, estad\u00edsticos y trigonom\u00e9tricos. Precisi\u00f3n y calidad Casio.","_links":{"self":[{"href":"https:\/\/rayo-papeleria.com\/index.php?rest_route=\/wp\/v2\/product\/5691","targetHints":{"allow":["GET"]}}],"collection":[{"href":"https:\/\/rayo-papeleria.com\/index.php?rest_route=\/wp\/v2\/product"}],"about":[{"href":"https:\/\/rayo-papeleria.com\/index.php?rest_route=\/wp\/v2\/types\/product"}],"replies":[{"embeddable":true,"href":"https:\/\/rayo-papeleria.com\/index.php?rest_route=%2Fwp%2Fv2%2Fcomments&post=5691"}],"wp:featuredmedia":[{"embeddable":true,"href":"https:\/\/rayo-papeleria.com\/index.php?rest_route=\/wp\/v2\/media\/5692"}],"wp:attachment":[{"href":"https:\/\/rayo-papeleria.com\/index.php?rest_route=%2Fwp%2Fv2%2Fmedia&parent=5691"}],"wp:term":[{"taxonomy":"product_brand","embeddable":true,"href":"https:\/\/rayo-papeleria.com\/index.php?rest_route=%2Fwp%2Fv2%2Fproduct_brand&post=5691"},{"taxonomy":"product_cat","embeddable":true,"href":"https:\/\/rayo-papeleria.com\/index.php?rest_route=%2Fwp%2Fv2%2Fproduct_cat&post=5691"},{"taxonomy":"product_tag","embeddable":true,"href":"https:\/\/rayo-papeleria.com\/index.php?rest_route=%2Fwp%2Fv2%2Fproduct_tag&post=5691"}],"curies":[{"name":"wp","href":"https:\/\/api.w.org\/{rel}","templated":true}]}}