{"id":5700,"date":"2025-06-14T20:06:53","date_gmt":"2025-06-15T01:06:53","guid":{"rendered":"https:\/\/rayo-papeleria.com\/?post_type=product&#038;p=5700"},"modified":"2025-06-14T20:06:53","modified_gmt":"2025-06-15T01:06:53","slug":"pincel-utilesa-plano-12","status":"publish","type":"product","link":"https:\/\/rayo-papeleria.com\/?product=pincel-utilesa-plano-12","title":{"rendered":"Pincel Utilesa Plano #12"},"content":{"rendered":"<p>\u26a1 <strong>DISE\u00d1ADO PARA TI<\/strong> \u2728<\/p>\n<p>\ud83d\udd8c\ufe0f <strong>Tipo de Pincel:<\/strong> Plano #12<br \/>\n\ud83e\uddf5 <strong>Cerdas Sint\u00e9ticas de Alta Calidad:<\/strong> Beige o piel.<br \/>\n\ud83e\udeb5 <strong>Mango Ergon\u00f3mico: <\/strong> F\u00e1cil agarre<br \/>\n\ud83d\udd8d\ufe0f <strong>Uso Recomendado:<\/strong> Acr\u00edlico, t\u00e9mpera, acuarela y \u00f3leo.<br \/>\n\ud83e\uddfc <strong>F\u00e1cil Limpieza:<\/strong> Se limpia con agua o disolvente, seg\u00fan el tipo de pintura usada.<\/p>\n","protected":false},"excerpt":{"rendered":"<p>\ud83d\udd8c\ufe0f <strong>Pincel Utilesa Plano #12<\/strong><br \/>\nPerfecto para trazos firmes y rellenos precisos. Cerdas suaves y resistentes, con mango c\u00f3modo color piel. Ideal para acr\u00edlicos, t\u00e9mperas y m\u00e1s. \u00a1Calidad y control en cada trazo!<\/p>\n","protected":false},"featured_media":5701,"comment_status":"open","ping_status":"closed","template":"","meta":{"_uag_custom_page_level_css":"","site-sidebar-layout":"default","site-content-layout":"","ast-site-content-layout":"default","site-content-style":"default","site-sidebar-style":"default","ast-global-header-display":"","ast-banner-title-visibility":"","ast-main-header-display":"","ast-hfb-above-header-display":"","ast-hfb-below-header-display":"","ast-hfb-mobile-header-display":"","site-post-title":"","ast-breadcrumbs-content":"","ast-featured-img":"","footer-sml-layout":"","theme-transparent-header-meta":"default","adv-header-id-meta":"","stick-header-meta":"","header-above-stick-meta":"","header-main-stick-meta":"","header-below-stick-meta":"","astra-migrate-meta-layouts":"set","ast-page-background-enabled":"default","ast-page-background-meta":{"desktop":{"background-color":"","background-image":"","background-repeat":"repeat","background-position":"center center","background-size":"auto","background-attachment":"scroll","background-type":"","background-media":"","overlay-type":"","overlay-color":"","overlay-opacity":"","overlay-gradient":""},"tablet":{"background-color":"","background-image":"","background-repeat":"repeat","background-position":"center center","background-size":"auto","background-attachment":"scroll","background-type":"","background-media":"","overlay-type":"","overlay-color":"","overlay-opacity":"","overlay-gradient":""},"mobile":{"background-color":"","background-image":"","background-repeat":"repeat","background-position":"center center","background-size":"auto","background-attachment":"scroll","background-type":"","background-media":"","overlay-type":"","overlay-color":"","overlay-opacity":"","overlay-gradient":""}},"ast-content-background-meta":{"desktop":{"background-color":"var(--ast-global-color-5)","background-image":"","background-repeat":"repeat","background-position":"center center","background-size":"auto","background-attachment":"scroll","background-type":"","background-media":"","overlay-type":"","overlay-color":"","overlay-opacity":"","overlay-gradient":""},"tablet":{"background-color":"var(--ast-global-color-5)","background-image":"","background-repeat":"repeat","background-position":"center center","background-size":"auto","background-attachment":"scroll","background-type":"","background-media":"","overlay-type":"","overlay-color":"","overlay-opacity":"","overlay-gradient":""},"mobile":{"background-color":"var(--ast-global-color-5)","background-image":"","background-repeat":"repeat","background-position":"center center","background-size":"auto","background-attachment":"scroll","background-type":"","background-media":"","overlay-type":"","overlay-color":"","overlay-opacity":"","overlay-gradient":""}}},"product_brand":[159],"product_cat":[158],"product_tag":[165,169,162,163,168,161,160,166,167,56,164],"class_list":{"0":"post-5700","1":"product","2":"type-product","3":"status-publish","4":"has-post-thumbnail","6":"product_brand-utilesa","7":"product_cat-pincel","8":"product_tag-arteycreatividad","9":"product_tag-herramientasdepintura","10":"product_tag-materialesdearte","11":"product_tag-pincelesartisticos","12":"product_tag-pincelplano","13":"product_tag-pincelplano12","14":"product_tag-pincelutilesa","15":"product_tag-pinturaacrilica","16":"product_tag-pinturatempera","17":"product_tag-rayo","18":"product_tag-utilesa","19":"desktop-align-center","20":"tablet-align-center","21":"mobile-align-center","23":"first","24":"instock","25":"shipping-taxable","26":"purchasable","27":"product-type-simple"},"aioseo_notices":[],"uagb_featured_image_src":{"full":["https:\/\/rayo-papeleria.com\/wp-content\/uploads\/2025\/06\/RAYO-Pinceles.jpg",1200,1200,false],"thumbnail":["https:\/\/rayo-papeleria.com\/wp-content\/uploads\/2025\/06\/RAYO-Pinceles-150x150.jpg",150,150,true],"medium":["https:\/\/rayo-papeleria.com\/wp-content\/uploads\/2025\/06\/RAYO-Pinceles-300x300.jpg",300,300,true],"medium_large":["https:\/\/rayo-papeleria.com\/wp-content\/uploads\/2025\/06\/RAYO-Pinceles-768x768.jpg",768,768,true],"large":["https:\/\/rayo-papeleria.com\/wp-content\/uploads\/2025\/06\/RAYO-Pinceles-1024x1024.jpg",1024,1024,true],"1536x1536":["https:\/\/rayo-papeleria.com\/wp-content\/uploads\/2025\/06\/RAYO-Pinceles.jpg",1200,1200,false],"2048x2048":["https:\/\/rayo-papeleria.com\/wp-content\/uploads\/2025\/06\/RAYO-Pinceles.jpg",1200,1200,false],"woocommerce_thumbnail":["https:\/\/rayo-papeleria.com\/wp-content\/uploads\/2025\/06\/RAYO-Pinceles-300x300.jpg",300,300,true],"woocommerce_single":["https:\/\/rayo-papeleria.com\/wp-content\/uploads\/2025\/06\/RAYO-Pinceles-600x600.jpg",600,600,true],"woocommerce_gallery_thumbnail":["https:\/\/rayo-papeleria.com\/wp-content\/uploads\/2025\/06\/RAYO-Pinceles-100x100.jpg",100,100,true]},"uagb_author_info":{"display_name":"rayopr23@gmail.com","author_link":"https:\/\/rayo-papeleria.com\/?author=0"},"uagb_comment_info":0,"uagb_excerpt":"\ud83d\udd8c\ufe0f Pincel Utilesa Plano #12 Perfecto para trazos firmes y rellenos precisos. Cerdas suaves y resistentes, con mango c\u00f3modo color piel. Ideal para acr\u00edlicos, t\u00e9mperas y m\u00e1s. \u00a1Calidad y control en cada trazo!","_links":{"self":[{"href":"https:\/\/rayo-papeleria.com\/index.php?rest_route=\/wp\/v2\/product\/5700","targetHints":{"allow":["GET"]}}],"collection":[{"href":"https:\/\/rayo-papeleria.com\/index.php?rest_route=\/wp\/v2\/product"}],"about":[{"href":"https:\/\/rayo-papeleria.com\/index.php?rest_route=\/wp\/v2\/types\/product"}],"replies":[{"embeddable":true,"href":"https:\/\/rayo-papeleria.com\/index.php?rest_route=%2Fwp%2Fv2%2Fcomments&post=5700"}],"wp:featuredmedia":[{"embeddable":true,"href":"https:\/\/rayo-papeleria.com\/index.php?rest_route=\/wp\/v2\/media\/5701"}],"wp:attachment":[{"href":"https:\/\/rayo-papeleria.com\/index.php?rest_route=%2Fwp%2Fv2%2Fmedia&parent=5700"}],"wp:term":[{"taxonomy":"product_brand","embeddable":true,"href":"https:\/\/rayo-papeleria.com\/index.php?rest_route=%2Fwp%2Fv2%2Fproduct_brand&post=5700"},{"taxonomy":"product_cat","embeddable":true,"href":"https:\/\/rayo-papeleria.com\/index.php?rest_route=%2Fwp%2Fv2%2Fproduct_cat&post=5700"},{"taxonomy":"product_tag","embeddable":true,"href":"https:\/\/rayo-papeleria.com\/index.php?rest_route=%2Fwp%2Fv2%2Fproduct_tag&post=5700"}],"curies":[{"name":"wp","href":"https:\/\/api.w.org\/{rel}","templated":true}]}}