{"id":5822,"date":"2025-06-27T14:14:58","date_gmt":"2025-06-27T19:14:58","guid":{"rendered":"https:\/\/rayo-papeleria.com\/?post_type=product&#038;p=5822"},"modified":"2025-06-27T14:14:58","modified_gmt":"2025-06-27T19:14:58","slug":"lamina-de-iman-a4","status":"publish","type":"product","link":"https:\/\/rayo-papeleria.com\/?product=lamina-de-iman-a4","title":{"rendered":"Lamina de Im\u00e1n A4"},"content":{"rendered":"<p>\u26a1DISE\u00d1ADO PARA TI \u2728<\/p>\n<p>\ud83e\uddf2 <strong>Superficie imantada:<\/strong> Se adhiere f\u00e1cilmente a superficies met\u00e1licas (como refrigeradores, pizarras, m\u00e1quinas, etc.)<br \/>\n\u2702\ufe0f <strong>Flexible y recortable:<\/strong> Puede cortarse con tijeras para personalizar formas<br \/>\n\ud83e\udeb6 <strong>Ligera y delgada:<\/strong> F\u00e1cil de manejar, transportar o pegar sin herramientas<br \/>\n\ud83d\udee1\ufe0f <strong>Reutilizable y duradera:<\/strong> No pierde magnetismo f\u00e1cilmente, resiste el uso diario<br \/>\n\ud83d\udcce <strong>Ideal para manualidades:<\/strong> Perfecta para hacer imanes promocionales, se\u00f1al\u00e9tica o material did\u00e1ctico.<\/p>\n<div style=\"max-width:500px; padding:20px; border:1px solid #ddd; border-radius:10px; font-family:sans-serif; background:#fefefe;\">\n<ul style=\"list-style:none; padding:0;margin:0\">\n<li><strong>\ud83d\udccf Alto:<\/strong> 29.7 cm<\/li>\n<li><strong>\ud83d\udcd0 Ancho:<\/strong> 21.0 cm<\/li>\n<li><strong>\ud83e\uddf1 Grosor:<\/strong> 0.01 mm<\/li>\n<\/ul>\n<\/div>\n","protected":false},"excerpt":{"rendered":"<p>\ud83e\uddf2 <strong>Lamina de Im\u00e1n A4<\/strong><br \/>\n\u00a1Dale fuerza a tus ideas! Personaliza y recorta f\u00e1cilmente.<\/p>\n","protected":false},"featured_media":5823,"comment_status":"closed","ping_status":"closed","template":"","meta":{"_uag_custom_page_level_css":"","site-sidebar-layout":"default","site-content-layout":"","ast-site-content-layout":"default","site-content-style":"default","site-sidebar-style":"default","ast-global-header-display":"","ast-banner-title-visibility":"","ast-main-header-display":"","ast-hfb-above-header-display":"","ast-hfb-below-header-display":"","ast-hfb-mobile-header-display":"","site-post-title":"","ast-breadcrumbs-content":"","ast-featured-img":"","footer-sml-layout":"","ast-disable-related-posts":"","theme-transparent-header-meta":"default","adv-header-id-meta":"","stick-header-meta":"","header-above-stick-meta":"","header-main-stick-meta":"","header-below-stick-meta":"","astra-migrate-meta-layouts":"set","ast-page-background-enabled":"default","ast-page-background-meta":{"desktop":{"background-color":"","background-image":"","background-repeat":"repeat","background-position":"center center","background-size":"auto","background-attachment":"scroll","background-type":"","background-media":"","overlay-type":"","overlay-color":"","overlay-opacity":"","overlay-gradient":""},"tablet":{"background-color":"","background-image":"","background-repeat":"repeat","background-position":"center center","background-size":"auto","background-attachment":"scroll","background-type":"","background-media":"","overlay-type":"","overlay-color":"","overlay-opacity":"","overlay-gradient":""},"mobile":{"background-color":"","background-image":"","background-repeat":"repeat","background-position":"center center","background-size":"auto","background-attachment":"scroll","background-type":"","background-media":"","overlay-type":"","overlay-color":"","overlay-opacity":"","overlay-gradient":""}},"ast-content-background-meta":{"desktop":{"background-color":"var(--ast-global-color-5)","background-image":"","background-repeat":"repeat","background-position":"center center","background-size":"auto","background-attachment":"scroll","background-type":"","background-media":"","overlay-type":"","overlay-color":"","overlay-opacity":"","overlay-gradient":""},"tablet":{"background-color":"var(--ast-global-color-5)","background-image":"","background-repeat":"repeat","background-position":"center center","background-size":"auto","background-attachment":"scroll","background-type":"","background-media":"","overlay-type":"","overlay-color":"","overlay-opacity":"","overlay-gradient":""},"mobile":{"background-color":"var(--ast-global-color-5)","background-image":"","background-repeat":"repeat","background-position":"center center","background-size":"auto","background-attachment":"scroll","background-type":"","background-media":"","overlay-type":"","overlay-color":"","overlay-opacity":"","overlay-gradient":""}}},"product_brand":[118],"product_cat":[171],"product_tag":[179,177,178,174,173,172,175,176,56,42],"class_list":{"0":"post-5822","1":"product","2":"type-product","3":"status-publish","4":"has-post-thumbnail","6":"product_brand-rayo","7":"product_cat-iman","8":"product_tag-artemagnetico","9":"product_tag-disenomagnetico","10":"product_tag-imanespersonalizados","11":"product_tag-imanflexible","12":"product_tag-laminaa4","13":"product_tag-laminaimantada","14":"product_tag-manualidades","15":"product_tag-publicidadcreativa","16":"product_tag-rayo","17":"product_tag-tamanoa4","18":"desktop-align-center","19":"tablet-align-center","20":"mobile-align-center","22":"first","23":"instock","24":"sale","25":"shipping-taxable","26":"purchasable","27":"product-type-simple"},"aioseo_notices":[],"uagb_featured_image_src":{"full":["https:\/\/rayo-papeleria.com\/wp-content\/uploads\/2025\/06\/RAYO-Lamina-Iman.jpg",1200,1200,false],"thumbnail":["https:\/\/rayo-papeleria.com\/wp-content\/uploads\/2025\/06\/RAYO-Lamina-Iman-150x150.jpg",150,150,true],"medium":["https:\/\/rayo-papeleria.com\/wp-content\/uploads\/2025\/06\/RAYO-Lamina-Iman-300x300.jpg",300,300,true],"medium_large":["https:\/\/rayo-papeleria.com\/wp-content\/uploads\/2025\/06\/RAYO-Lamina-Iman-768x768.jpg",768,768,true],"large":["https:\/\/rayo-papeleria.com\/wp-content\/uploads\/2025\/06\/RAYO-Lamina-Iman-1024x1024.jpg",1024,1024,true],"1536x1536":["https:\/\/rayo-papeleria.com\/wp-content\/uploads\/2025\/06\/RAYO-Lamina-Iman.jpg",1200,1200,false],"2048x2048":["https:\/\/rayo-papeleria.com\/wp-content\/uploads\/2025\/06\/RAYO-Lamina-Iman.jpg",1200,1200,false],"woocommerce_thumbnail":["https:\/\/rayo-papeleria.com\/wp-content\/uploads\/2025\/06\/RAYO-Lamina-Iman-300x300.jpg",300,300,true],"woocommerce_single":["https:\/\/rayo-papeleria.com\/wp-content\/uploads\/2025\/06\/RAYO-Lamina-Iman-600x600.jpg",600,600,true],"woocommerce_gallery_thumbnail":["https:\/\/rayo-papeleria.com\/wp-content\/uploads\/2025\/06\/RAYO-Lamina-Iman-100x100.jpg",100,100,true]},"uagb_author_info":{"display_name":"rayopr23@gmail.com","author_link":"https:\/\/rayo-papeleria.com\/?author=0"},"uagb_comment_info":0,"uagb_excerpt":"\ud83e\uddf2 Lamina de Im\u00e1n A4 \u00a1Dale fuerza a tus ideas! Personaliza y recorta f\u00e1cilmente.","_links":{"self":[{"href":"https:\/\/rayo-papeleria.com\/index.php?rest_route=\/wp\/v2\/product\/5822","targetHints":{"allow":["GET"]}}],"collection":[{"href":"https:\/\/rayo-papeleria.com\/index.php?rest_route=\/wp\/v2\/product"}],"about":[{"href":"https:\/\/rayo-papeleria.com\/index.php?rest_route=\/wp\/v2\/types\/product"}],"replies":[{"embeddable":true,"href":"https:\/\/rayo-papeleria.com\/index.php?rest_route=%2Fwp%2Fv2%2Fcomments&post=5822"}],"wp:featuredmedia":[{"embeddable":true,"href":"https:\/\/rayo-papeleria.com\/index.php?rest_route=\/wp\/v2\/media\/5823"}],"wp:attachment":[{"href":"https:\/\/rayo-papeleria.com\/index.php?rest_route=%2Fwp%2Fv2%2Fmedia&parent=5822"}],"wp:term":[{"taxonomy":"product_brand","embeddable":true,"href":"https:\/\/rayo-papeleria.com\/index.php?rest_route=%2Fwp%2Fv2%2Fproduct_brand&post=5822"},{"taxonomy":"product_cat","embeddable":true,"href":"https:\/\/rayo-papeleria.com\/index.php?rest_route=%2Fwp%2Fv2%2Fproduct_cat&post=5822"},{"taxonomy":"product_tag","embeddable":true,"href":"https:\/\/rayo-papeleria.com\/index.php?rest_route=%2Fwp%2Fv2%2Fproduct_tag&post=5822"}],"curies":[{"name":"wp","href":"https:\/\/api.w.org\/{rel}","templated":true}]}}